{"id":1880,"date":"2025-04-10T12:20:36","date_gmt":"2025-04-10T17:20:36","guid":{"rendered":"http:\/\/vivelafe.publicacionespastorales.com.ec\/?page_id=1880"},"modified":"2026-02-10T10:19:54","modified_gmt":"2026-02-10T15:19:54","slug":"password-reset","status":"publish","type":"page","link":"https:\/\/vivelafe.publicacionespastorales.com.ec\/?page_id=1880","title":{"rendered":"Restablecer la contrase\u00f1a"},"content":{"rendered":"\t\t<div data-elementor-type=\"wp-page\" data-elementor-id=\"1880\" class=\"elementor elementor-1880\" data-elementor-settings=\"{&quot;element_pack_global_tooltip_width&quot;:{&quot;unit&quot;:&quot;px&quot;,&quot;size&quot;:&quot;&quot;,&quot;sizes&quot;:[]},&quot;element_pack_global_tooltip_width_tablet&quot;:{&quot;unit&quot;:&quot;px&quot;,&quot;size&quot;:&quot;&quot;,&quot;sizes&quot;:[]},&quot;element_pack_global_tooltip_width_mobile&quot;:{&quot;unit&quot;:&quot;px&quot;,&quot;size&quot;:&quot;&quot;,&quot;sizes&quot;:[]},&quot;element_pack_global_tooltip_padding&quot;:{&quot;unit&quot;:&quot;px&quot;,&quot;top&quot;:&quot;&quot;,&quot;right&quot;:&quot;&quot;,&quot;bottom&quot;:&quot;&quot;,&quot;left&quot;:&quot;&quot;,&quot;isLinked&quot;:true},&quot;element_pack_global_tooltip_padding_tablet&quot;:{&quot;unit&quot;:&quot;px&quot;,&quot;top&quot;:&quot;&quot;,&quot;right&quot;:&quot;&quot;,&quot;bottom&quot;:&quot;&quot;,&quot;left&quot;:&quot;&quot;,&quot;isLinked&quot;:true},&quot;element_pack_global_tooltip_padding_mobile&quot;:{&quot;unit&quot;:&quot;px&quot;,&quot;top&quot;:&quot;&quot;,&quot;right&quot;:&quot;&quot;,&quot;bottom&quot;:&quot;&quot;,&quot;left&quot;:&quot;&quot;,&quot;isLinked&quot;:true},&quot;element_pack_global_tooltip_border_radius&quot;:{&quot;unit&quot;:&quot;px&quot;,&quot;top&quot;:&quot;&quot;,&quot;right&quot;:&quot;&quot;,&quot;bottom&quot;:&quot;&quot;,&quot;left&quot;:&quot;&quot;,&quot;isLinked&quot;:true},&quot;element_pack_global_tooltip_border_radius_tablet&quot;:{&quot;unit&quot;:&quot;px&quot;,&quot;top&quot;:&quot;&quot;,&quot;right&quot;:&quot;&quot;,&quot;bottom&quot;:&quot;&quot;,&quot;left&quot;:&quot;&quot;,&quot;isLinked&quot;:true},&quot;element_pack_global_tooltip_border_radius_mobile&quot;:{&quot;unit&quot;:&quot;px&quot;,&quot;top&quot;:&quot;&quot;,&quot;right&quot;:&quot;&quot;,&quot;bottom&quot;:&quot;&quot;,&quot;left&quot;:&quot;&quot;,&quot;isLinked&quot;:true}}\" data-elementor-post-type=\"page\">\n\t\t\t\t<div class=\"elementor-element elementor-element-bddb4a0 e-con-full e-flex wpr-particle-no wpr-jarallax-no wpr-parallax-no wpr-sticky-section-no e-con e-parent\" data-id=\"bddb4a0\" data-element_type=\"container\" data-e-type=\"container\" data-settings=\"{&quot;background_background&quot;:&quot;classic&quot;}\">\n\t\t<div class=\"elementor-element elementor-element-0ceb445 e-con-full e-flex wpr-particle-no wpr-jarallax-no wpr-parallax-no wpr-sticky-section-no e-con e-child\" data-id=\"0ceb445\" data-element_type=\"container\" data-e-type=\"container\">\n\t\t<div class=\"elementor-element elementor-element-2f21a5a e-con-full e-flex wpr-particle-no wpr-jarallax-no wpr-parallax-no wpr-sticky-section-no e-con e-child\" data-id=\"2f21a5a\" data-element_type=\"container\" data-e-type=\"container\">\n\t\t\t\t<div class=\"elementor-element elementor-element-17157ad elementor-widget__width-initial elementor-widget-tablet__width-inherit elementor-widget elementor-widget-heading\" data-id=\"17157ad\" data-element_type=\"widget\" data-e-type=\"widget\" data-widget_type=\"heading.default\">\n\t\t\t\t\t<h2 class=\"elementor-heading-title elementor-size-default\">Restablecer contrase\u00f1a<\/h2>\t\t\t\t<\/div>\n\t\t\t\t<\/div>\n\t\t\t\t<\/div>\n\t\t<div class=\"elementor-element elementor-element-a1526ad e-flex e-con-boxed wpr-particle-no wpr-jarallax-no wpr-parallax-no wpr-sticky-section-no e-con e-child\" data-id=\"a1526ad\" data-element_type=\"container\" data-e-type=\"container\">\n\t\t\t\t\t<div class=\"e-con-inner\">\n\t\t\t\t\t<\/div>\n\t\t\t\t<\/div>\n\t\t\t\t<\/div>\n\t\t<div class=\"elementor-element elementor-element-28da2c82 e-flex e-con-boxed wpr-particle-no wpr-jarallax-no wpr-parallax-no wpr-sticky-section-no e-con e-parent\" data-id=\"28da2c82\" data-element_type=\"container\" data-e-type=\"container\">\n\t\t\t\t\t<div class=\"e-con-inner\">\n\t\t\t\t<div class=\"elementor-element elementor-element-419d31e0 elementor-widget elementor-widget-shortcode\" data-id=\"419d31e0\" data-element_type=\"widget\" data-e-type=\"widget\" data-widget_type=\"shortcode.default\">\n\t\t\t\t\t\t\t<div class=\"elementor-shortcode\"><div class=\"um um-password um-um_password_id\">\n\t<div class=\"um-form\">\n\t\t<form method=\"post\" action=\"\">\n\t\t\t\n\t\t\t\t<input type=\"hidden\" name=\"_um_password_reset\" id=\"_um_password_reset\" value=\"1\" \/>\n\n\t\t\t\t\t\t\t\t\t<div class=\"um-field um-field-block um-field-type_block\">\n\t\t\t\t\t\t<div class=\"um-field-block\">\n\t\t\t\t\t\t\t<div style=\"text-align:center;\">\n\t\t\t\t\t\t\t\tPara restablecer tu contrase\u00f1a, por favor, introduce a continuaci\u00f3n tu direcci\u00f3n de correo electr\u00f3nico o nombre de usuario.\t\t\t\t\t\t\t<\/div>\n\t\t\t\t\t\t<\/div>\n\t\t\t\t\t<\/div>\n\t\t\t\t\t<div  id=\"um_field_0_username_b\" class=\"um-field um-field-text  um-field-username_b um-field-text um-field-type_text\" data-key=\"username_b\"><div class=\"um-field-area\"><input  autocomplete=\"off\" class=\"um-form-field valid \" type=\"text\" name=\"username_b\" id=\"username_b\" value=\"\" placeholder=\"Introduce tu nombre de usuario o correo electr\u00f3nico\" data-validate=\"\" data-key=\"username_b\"  aria-invalid=\"false\" \/>\n\n\t\t\t\t\t\t<\/div><\/div>\t\t\t\t<div class=\"um-col-alt um-col-alt-b\">\n\t\t\t\t\t<div class=\"um-center\">\n\t\t\t\t\t\t<input type=\"submit\" value=\"Restablecer mi contrase\u00f1a\" class=\"um-button\" id=\"um-submit-btn\" \/>\n\t\t\t\t\t<\/div>\n\t\t\t\t\t<div class=\"um-clear\"><\/div>\n\t\t\t\t<\/div>\n\t\t\t\t\t<input type=\"hidden\" name=\"form_id\" id=\"form_id_um_password_id\" value=\"um_password_id\" \/>\n\t\t<p class=\"um_request_name\">\n\t\t<label for=\"um_request_um_password_id\">Only fill in if you are not human<\/label>\n\t\t<input type=\"hidden\" name=\"um_request\" id=\"um_request_um_password_id\" class=\"input\" value=\"\" size=\"25\" autocomplete=\"off\" \/>\n\t<\/p>\n\t\t\t<\/form>\n\t<\/div>\n<\/div>\n<style>\n\t\t\t.um-um_password_id.um {\n\t\t\tmax-width: 450px;\n\t\t}\n\t\t<\/style>\n<\/div>\n\t\t\t\t\t\t<\/div>\n\t\t\t\t<div class=\"elementor-element elementor-element-a4ca4fd elementor-widget elementor-widget-shortcode\" data-id=\"a4ca4fd\" data-element_type=\"widget\" data-e-type=\"widget\" data-widget_type=\"shortcode.default\">\n\t\t\t\t\t\t\t<div class=\"elementor-shortcode\"><\/div>\n\t\t\t\t\t\t<\/div>\n\t\t\t\t\t<\/div>\n\t\t\t\t<\/div>\n\t\t\t\t<\/div>\n\t\t","protected":false},"excerpt":{"rendered":"<p>Restablecer contrase\u00f1a<\/p>\n","protected":false},"author":2,"featured_media":0,"parent":0,"menu_order":0,"comment_status":"closed","ping_status":"closed","template":"elementor_header_footer","meta":{"site-sidebar-layout":"default","site-content-layout":"","ast-site-content-layout":"default","site-content-style":"default","site-sidebar-style":"default","ast-global-header-display":"","ast-banner-title-visibility":"","ast-main-header-display":"","ast-hfb-above-header-display":"","ast-hfb-below-header-display":"","ast-hfb-mobile-header-display":"","site-post-title":"disabled","ast-breadcrumbs-content":"","ast-featured-img":"","footer-sml-layout":"","ast-disable-related-posts":"","theme-transparent-header-meta":"","adv-header-id-meta":"","stick-header-meta":"","header-above-stick-meta":"","header-main-stick-meta":"","header-below-stick-meta":"","astra-migrate-meta-layouts":"default","ast-page-background-enabled":"default","ast-page-background-meta":{"desktop":{"background-color":"var(--ast-global-color-5)","background-image":"","background-repeat":"repeat","background-position":"center center","background-size":"auto","background-attachment":"scroll","background-type":"","background-media":"","overlay-type":"","overlay-color":"","overlay-opacity":"","overlay-gradient":""},"tablet":{"background-color":"","background-image":"","background-repeat":"repeat","background-position":"center center","background-size":"auto","background-attachment":"scroll","background-type":"","background-media":"","overlay-type":"","overlay-color":"","overlay-opacity":"","overlay-gradient":""},"mobile":{"background-color":"","background-image":"","background-repeat":"repeat","background-position":"center center","background-size":"auto","background-attachment":"scroll","background-type":"","background-media":"","overlay-type":"","overlay-color":"","overlay-opacity":"","overlay-gradient":""}},"ast-content-background-meta":{"desktop":{"background-color":"var(--ast-global-color-4)","background-image":"","background-repeat":"repeat","background-position":"center center","background-size":"auto","background-attachment":"scroll","background-type":"","background-media":"","overlay-type":"","overlay-color":"","overlay-opacity":"","overlay-gradient":""},"tablet":{"background-color":"var(--ast-global-color-4)","background-image":"","background-repeat":"repeat","background-position":"center center","background-size":"auto","background-attachment":"scroll","background-type":"","background-media":"","overlay-type":"","overlay-color":"","overlay-opacity":"","overlay-gradient":""},"mobile":{"background-color":"var(--ast-global-color-4)","background-image":"","background-repeat":"repeat","background-position":"center center","background-size":"auto","background-attachment":"scroll","background-type":"","background-media":"","overlay-type":"","overlay-color":"","overlay-opacity":"","overlay-gradient":""}},"footnotes":""},"class_list":["post-1880","page","type-page","status-publish","hentry"],"yoast_head":"<!-- This site is optimized with the Yoast SEO plugin v27.2 - https:\/\/yoast.com\/product\/yoast-seo-wordpress\/ -->\n<title>Restablecer la contrase\u00f1a - Vive la Fe<\/title>\n<meta name=\"robots\" content=\"index, follow, max-snippet:-1, max-image-preview:large, max-video-preview:-1\" \/>\n<link rel=\"canonical\" href=\"https:\/\/vivelafe.publicacionespastorales.com.ec\/?page_id=1880\" \/>\n<meta property=\"og:locale\" content=\"es_ES\" \/>\n<meta property=\"og:type\" content=\"article\" \/>\n<meta property=\"og:title\" content=\"Restablecer la contrase\u00f1a - Vive la Fe\" \/>\n<meta property=\"og:description\" content=\"Restablecer contrase\u00f1a\" \/>\n<meta property=\"og:url\" content=\"https:\/\/vivelafe.publicacionespastorales.com.ec\/?page_id=1880\" \/>\n<meta property=\"og:site_name\" content=\"Vive la Fe\" \/>\n<meta property=\"article:publisher\" content=\"https:\/\/www.facebook.com\/PublicacionesPastorales?rdid=4yJ4zunJvaaH7YTK&amp;share_url=httpswww.facebook.comshare1BkXNKoUVG#\" \/>\n<meta property=\"article:modified_time\" content=\"2026-02-10T15:19:54+00:00\" \/>\n<meta name=\"twitter:card\" content=\"summary_large_image\" \/>\n<script type=\"application\/ld+json\" class=\"yoast-schema-graph\">{\"@context\":\"https:\/\/schema.org\",\"@graph\":[{\"@type\":\"WebPage\",\"@id\":\"https:\/\/vivelafe.publicacionespastorales.com.ec\/?page_id=1880\",\"url\":\"https:\/\/vivelafe.publicacionespastorales.com.ec\/?page_id=1880\",\"name\":\"Restablecer la contrase\u00f1a - Vive la Fe\",\"isPartOf\":{\"@id\":\"https:\/\/vivelafe.publicacionespastorales.com.ec\/#website\"},\"datePublished\":\"2025-04-10T17:20:36+00:00\",\"dateModified\":\"2026-02-10T15:19:54+00:00\",\"breadcrumb\":{\"@id\":\"https:\/\/vivelafe.publicacionespastorales.com.ec\/?page_id=1880#breadcrumb\"},\"inLanguage\":\"es\",\"potentialAction\":[{\"@type\":\"ReadAction\",\"target\":[\"https:\/\/vivelafe.publicacionespastorales.com.ec\/?page_id=1880\"]}]},{\"@type\":\"BreadcrumbList\",\"@id\":\"https:\/\/vivelafe.publicacionespastorales.com.ec\/?page_id=1880#breadcrumb\",\"itemListElement\":[{\"@type\":\"ListItem\",\"position\":1,\"name\":\"Portada\",\"item\":\"https:\/\/vivelafe.publicacionespastorales.com.ec\/\"},{\"@type\":\"ListItem\",\"position\":2,\"name\":\"Restablecer la contrase\u00f1a\"}]},{\"@type\":\"WebSite\",\"@id\":\"https:\/\/vivelafe.publicacionespastorales.com.ec\/#website\",\"url\":\"https:\/\/vivelafe.publicacionespastorales.com.ec\/\",\"name\":\"Vive la Fe\",\"description\":\"Es un proyecto de ense\u00f1anza religiosa escolar que fomenta competencias trascendentales dentro de nuestra soluci\u00f3n educativa Ecosistema 360. Su objetivo es integrar el conocimiento personal, la realidad, el desarrollo socioemocional y la espiritualidad, promoviendo una educaci\u00f3n centrada en la persona y en su relaci\u00f3n con Cristo. Este proyecto se basa en el marco curricular de la Conferencia Episcopal Ecuatoriana (2024) y se consolida como una herramienta educativa esencial para profundizar la experiencia de Dios en el aula y contribuir al crecimiento de la comunidad eclesial.\",\"publisher\":{\"@id\":\"https:\/\/vivelafe.publicacionespastorales.com.ec\/#organization\"},\"potentialAction\":[{\"@type\":\"SearchAction\",\"target\":{\"@type\":\"EntryPoint\",\"urlTemplate\":\"https:\/\/vivelafe.publicacionespastorales.com.ec\/?s={search_term_string}\"},\"query-input\":{\"@type\":\"PropertyValueSpecification\",\"valueRequired\":true,\"valueName\":\"search_term_string\"}}],\"inLanguage\":\"es\"},{\"@type\":\"Organization\",\"@id\":\"https:\/\/vivelafe.publicacionespastorales.com.ec\/#organization\",\"name\":\"Centro Salesiano de Publicaciones Pastorales - Vive la fe\",\"url\":\"https:\/\/vivelafe.publicacionespastorales.com.ec\/\",\"logo\":{\"@type\":\"ImageObject\",\"inLanguage\":\"es\",\"@id\":\"https:\/\/vivelafe.publicacionespastorales.com.ec\/#\/schema\/logo\/image\/\",\"url\":\"https:\/\/vivelafe.publicacionespastorales.com.ec\/wp-content\/uploads\/2025\/03\/Logo-Vive-la-fe-02.png\",\"contentUrl\":\"https:\/\/vivelafe.publicacionespastorales.com.ec\/wp-content\/uploads\/2025\/03\/Logo-Vive-la-fe-02.png\",\"width\":2203,\"height\":515,\"caption\":\"Centro Salesiano de Publicaciones Pastorales - Vive la fe\"},\"image\":{\"@id\":\"https:\/\/vivelafe.publicacionespastorales.com.ec\/#\/schema\/logo\/image\/\"},\"sameAs\":[\"https:\/\/www.facebook.com\/PublicacionesPastorales?rdid=4yJ4zunJvaaH7YTK&share_url=httpswww.facebook.comshare1BkXNKoUVG#\",\"https:\/\/www.instagram.com\/cspp_ec?igsh=YnIzOTZ0ZGIweXI5\",\"https:\/\/www.tiktok.com\/@cspp.ec?_t=ZM-8xikM16Jp4Q&_r=1\"]}]}<\/script>\n<!-- \/ Yoast SEO plugin. -->","yoast_head_json":{"title":"Restablecer la contrase\u00f1a - Vive la Fe","robots":{"index":"index","follow":"follow","max-snippet":"max-snippet:-1","max-image-preview":"max-image-preview:large","max-video-preview":"max-video-preview:-1"},"canonical":"https:\/\/vivelafe.publicacionespastorales.com.ec\/?page_id=1880","og_locale":"es_ES","og_type":"article","og_title":"Restablecer la contrase\u00f1a - Vive la Fe","og_description":"Restablecer contrase\u00f1a","og_url":"https:\/\/vivelafe.publicacionespastorales.com.ec\/?page_id=1880","og_site_name":"Vive la Fe","article_publisher":"https:\/\/www.facebook.com\/PublicacionesPastorales?rdid=4yJ4zunJvaaH7YTK&share_url=httpswww.facebook.comshare1BkXNKoUVG#","article_modified_time":"2026-02-10T15:19:54+00:00","twitter_card":"summary_large_image","schema":{"@context":"https:\/\/schema.org","@graph":[{"@type":"WebPage","@id":"https:\/\/vivelafe.publicacionespastorales.com.ec\/?page_id=1880","url":"https:\/\/vivelafe.publicacionespastorales.com.ec\/?page_id=1880","name":"Restablecer la contrase\u00f1a - Vive la Fe","isPartOf":{"@id":"https:\/\/vivelafe.publicacionespastorales.com.ec\/#website"},"datePublished":"2025-04-10T17:20:36+00:00","dateModified":"2026-02-10T15:19:54+00:00","breadcrumb":{"@id":"https:\/\/vivelafe.publicacionespastorales.com.ec\/?page_id=1880#breadcrumb"},"inLanguage":"es","potentialAction":[{"@type":"ReadAction","target":["https:\/\/vivelafe.publicacionespastorales.com.ec\/?page_id=1880"]}]},{"@type":"BreadcrumbList","@id":"https:\/\/vivelafe.publicacionespastorales.com.ec\/?page_id=1880#breadcrumb","itemListElement":[{"@type":"ListItem","position":1,"name":"Portada","item":"https:\/\/vivelafe.publicacionespastorales.com.ec\/"},{"@type":"ListItem","position":2,"name":"Restablecer la contrase\u00f1a"}]},{"@type":"WebSite","@id":"https:\/\/vivelafe.publicacionespastorales.com.ec\/#website","url":"https:\/\/vivelafe.publicacionespastorales.com.ec\/","name":"Vive la Fe","description":"Es un proyecto de ense\u00f1anza religiosa escolar que fomenta competencias trascendentales dentro de nuestra soluci\u00f3n educativa Ecosistema 360. Su objetivo es integrar el conocimiento personal, la realidad, el desarrollo socioemocional y la espiritualidad, promoviendo una educaci\u00f3n centrada en la persona y en su relaci\u00f3n con Cristo. Este proyecto se basa en el marco curricular de la Conferencia Episcopal Ecuatoriana (2024) y se consolida como una herramienta educativa esencial para profundizar la experiencia de Dios en el aula y contribuir al crecimiento de la comunidad eclesial.","publisher":{"@id":"https:\/\/vivelafe.publicacionespastorales.com.ec\/#organization"},"potentialAction":[{"@type":"SearchAction","target":{"@type":"EntryPoint","urlTemplate":"https:\/\/vivelafe.publicacionespastorales.com.ec\/?s={search_term_string}"},"query-input":{"@type":"PropertyValueSpecification","valueRequired":true,"valueName":"search_term_string"}}],"inLanguage":"es"},{"@type":"Organization","@id":"https:\/\/vivelafe.publicacionespastorales.com.ec\/#organization","name":"Centro Salesiano de Publicaciones Pastorales - Vive la fe","url":"https:\/\/vivelafe.publicacionespastorales.com.ec\/","logo":{"@type":"ImageObject","inLanguage":"es","@id":"https:\/\/vivelafe.publicacionespastorales.com.ec\/#\/schema\/logo\/image\/","url":"https:\/\/vivelafe.publicacionespastorales.com.ec\/wp-content\/uploads\/2025\/03\/Logo-Vive-la-fe-02.png","contentUrl":"https:\/\/vivelafe.publicacionespastorales.com.ec\/wp-content\/uploads\/2025\/03\/Logo-Vive-la-fe-02.png","width":2203,"height":515,"caption":"Centro Salesiano de Publicaciones Pastorales - Vive la fe"},"image":{"@id":"https:\/\/vivelafe.publicacionespastorales.com.ec\/#\/schema\/logo\/image\/"},"sameAs":["https:\/\/www.facebook.com\/PublicacionesPastorales?rdid=4yJ4zunJvaaH7YTK&share_url=httpswww.facebook.comshare1BkXNKoUVG#","https:\/\/www.instagram.com\/cspp_ec?igsh=YnIzOTZ0ZGIweXI5","https:\/\/www.tiktok.com\/@cspp.ec?_t=ZM-8xikM16Jp4Q&_r=1"]}]}},"_links":{"self":[{"href":"https:\/\/vivelafe.publicacionespastorales.com.ec\/index.php?rest_route=\/wp\/v2\/pages\/1880","targetHints":{"allow":["GET"]}}],"collection":[{"href":"https:\/\/vivelafe.publicacionespastorales.com.ec\/index.php?rest_route=\/wp\/v2\/pages"}],"about":[{"href":"https:\/\/vivelafe.publicacionespastorales.com.ec\/index.php?rest_route=\/wp\/v2\/types\/page"}],"author":[{"embeddable":true,"href":"https:\/\/vivelafe.publicacionespastorales.com.ec\/index.php?rest_route=\/wp\/v2\/users\/2"}],"replies":[{"embeddable":true,"href":"https:\/\/vivelafe.publicacionespastorales.com.ec\/index.php?rest_route=%2Fwp%2Fv2%2Fcomments&post=1880"}],"version-history":[{"count":21,"href":"https:\/\/vivelafe.publicacionespastorales.com.ec\/index.php?rest_route=\/wp\/v2\/pages\/1880\/revisions"}],"predecessor-version":[{"id":2750,"href":"https:\/\/vivelafe.publicacionespastorales.com.ec\/index.php?rest_route=\/wp\/v2\/pages\/1880\/revisions\/2750"}],"wp:attachment":[{"href":"https:\/\/vivelafe.publicacionespastorales.com.ec\/index.php?rest_route=%2Fwp%2Fv2%2Fmedia&parent=1880"}],"curies":[{"name":"wp","href":"https:\/\/api.w.org\/{rel}","templated":true}]}}